{"id":16,"date":"2015-10-14T19:32:30","date_gmt":"2015-10-14T17:32:30","guid":{"rendered":"http:\/\/www.wp12083916.server-he.de\/?page_id=16"},"modified":"2023-03-20T18:27:05","modified_gmt":"2023-03-20T16:27:05","slug":"ueber-mich","status":"publish","type":"page","link":"https:\/\/www.ergolution.at\/?page_id=16","title":{"rendered":"\u00dcber mich"},"content":{"rendered":"\n<figure class=\"wp-block-image size-large is-resized\"><a href=\"http:\/\/www.ergolution.at\/wp-content\/uploads\/2021\/02\/EmptyName-17-scaled.jpg\"><img loading=\"lazy\" decoding=\"async\" src=\"http:\/\/www.ergolution.at\/wp-content\/uploads\/2021\/02\/EmptyName-17-1024x683.jpg\" alt=\"Nadja Klein\" class=\"wp-image-379\" width=\"512\" height=\"342\" srcset=\"https:\/\/www.ergolution.at\/wp-content\/uploads\/2021\/02\/EmptyName-17-1024x683.jpg 1024w, https:\/\/www.ergolution.at\/wp-content\/uploads\/2021\/02\/EmptyName-17-300x200.jpg 300w, https:\/\/www.ergolution.at\/wp-content\/uploads\/2021\/02\/EmptyName-17-768x512.jpg 768w, https:\/\/www.ergolution.at\/wp-content\/uploads\/2021\/02\/EmptyName-17-1536x1024.jpg 1536w, https:\/\/www.ergolution.at\/wp-content\/uploads\/2021\/02\/EmptyName-17-2048x1365.jpg 2048w\" sizes=\"auto, (max-width: 512px) 100vw, 512px\" \/><\/a><\/figure>\n\n\n\n<p>Geboren 1982 in Zwettl N\u00d6, Matura in Zwettl 2001.<\/p>\n\n\n\n<p>Meine Studien und Ausbildungszeit verbrachte ich in Wien, seit 2007 lebe ich im Bezirk Oberpullendorf (Weppersdorf).<\/p>\n\n\n\n<h2 class=\"wp-block-heading\">Ausbildungen<\/h2>\n\n\n\n<ul class=\"wp-block-list\">\n<li>Dipl. Sozialp\u00e4dagogin<\/li>\n\n\n\n<li>Dipl. Ergotherapeutin<\/li>\n\n\n\n<li>Evolutionsp\u00e4dagogin und Lernberaterin P.P.\u00ae<\/li>\n\n\n\n<li>Reflexintegrationstrainerin <\/li>\n\n\n\n<li>Yogatherapeutin<\/li>\n\n\n\n<li>\u00dcbungsleiterin Sportklettern<\/li>\n\n\n\n<li>Therapeutisches Klettern<\/li>\n\n\n\n<li>Astrologie <\/li>\n<\/ul>\n\n\n\n<h2 class=\"wp-block-heading\">Meine Einstellung<\/h2>\n\n\n\n<p>Ich pers\u00f6nlich halte es f\u00fcr besonders erstrebenswert, dass jeder Mensch ein m\u00f6glichst selbstbestimmtes und eigenst\u00e4ndiges Leben f\u00fchren kann, wenn er dies m\u00f6chte. Dazu kann man ihm eine Zeit lang, die Hand reichen und ihm M\u00f6glichkeiten zeigen bzw. anbieten, bis er es alleine tun kann. D.h. sich aus seiner eigenen Kraft heraus weiter zu entwickeln. <\/p>\n\n\n\n<p>Daher bilde ich mich nicht nur regelm\u00e4\u00dfig in ergotherapeutischen Behandlungsmethoden weiter, sondern interessiere mich auch f\u00fcr andere ganzheitliche Methoden und Techniken wie sie im Schamanismus, im Yoga, der Pers\u00f6nlichkeitsentwicklung oder auch in der Astrologie gelehrt werden. <\/p>\n\n\n\n<h2 class=\"wp-block-heading\">You are the answer and the solution.<\/h2>\n\n\n\n<blockquote class=\"wp-block-quote is-layout-flow wp-block-quote-is-layout-flow\">\n<p>Es ist wichtig, seine Angst zu \u00fcberwinden und sich zu trauen unbegangene Pfade zu betreten. Dies bedeutet einen Schritt mit sich selbst und der Welt weitergekommen zu sein.<\/p>\n<cite><em>&#8222;Die sieben Sicherheiten, die Kinder brauchen.<\/em>&#8220; von Ludwig Koneberg, Silke Gamer-Rottler<\/cite><\/blockquote>\n\n\n\n<p><\/p>\n","protected":false},"excerpt":{"rendered":"<p>Geboren 1982 in Zwettl N\u00d6, Matura in Zwettl 2001. Meine Studien und Ausbildungszeit verbrachte ich in Wien, seit 2007 lebe ich im Bezirk Oberpullendorf (Weppersdorf). Ausbildungen Meine Einstellung Ich pers\u00f6nlich halte es f\u00fcr besonders erstrebenswert, dass jeder Mensch ein m\u00f6glichst selbstbestimmtes und eigenst\u00e4ndiges Leben f\u00fchren kann, wenn er dies m\u00f6chte. [&hellip;]<\/p>\n","protected":false},"author":1,"featured_media":0,"parent":0,"menu_order":0,"comment_status":"closed","ping_status":"closed","template":"","meta":{"_themeisle_gutenberg_block_has_review":false,"footnotes":""},"class_list":["post-16","page","type-page","status-publish","hentry"],"_links":{"self":[{"href":"https:\/\/www.ergolution.at\/index.php?rest_route=\/wp\/v2\/pages\/16","targetHints":{"allow":["GET"]}}],"collection":[{"href":"https:\/\/www.ergolution.at\/index.php?rest_route=\/wp\/v2\/pages"}],"about":[{"href":"https:\/\/www.ergolution.at\/index.php?rest_route=\/wp\/v2\/types\/page"}],"author":[{"embeddable":true,"href":"https:\/\/www.ergolution.at\/index.php?rest_route=\/wp\/v2\/users\/1"}],"replies":[{"embeddable":true,"href":"https:\/\/www.ergolution.at\/index.php?rest_route=%2Fwp%2Fv2%2Fcomments&post=16"}],"version-history":[{"count":14,"href":"https:\/\/www.ergolution.at\/index.php?rest_route=\/wp\/v2\/pages\/16\/revisions"}],"predecessor-version":[{"id":512,"href":"https:\/\/www.ergolution.at\/index.php?rest_route=\/wp\/v2\/pages\/16\/revisions\/512"}],"wp:attachment":[{"href":"https:\/\/www.ergolution.at\/index.php?rest_route=%2Fwp%2Fv2%2Fmedia&parent=16"}],"curies":[{"name":"wp","href":"https:\/\/api.w.org\/{rel}","templated":true}]}}