{"id":19,"date":"2015-10-14T19:35:10","date_gmt":"2015-10-14T17:35:10","guid":{"rendered":"http:\/\/www.wp12083916.server-he.de\/?page_id=19"},"modified":"2025-08-30T17:26:49","modified_gmt":"2025-08-30T15:26:49","slug":"organisatorisches","status":"publish","type":"page","link":"https:\/\/www.ergolution.at\/?page_id=19","title":{"rendered":"Organisatorisches"},"content":{"rendered":"\n<h2 class=\"wp-block-heading\">Ablauf<\/h2>\n\n\n\n<ol class=\"wp-block-list\">\n<li>Ergotherapie muss \u00e4rztlich verordnet werden. D.h. Sie lassen sich von ihrem Facharzt oder Hausarzt eine Verordnung zur Ergotherapie mit entsprechender Diagnose ausstellen.<\/li>\n\n\n\n<li>Die Verordnung muss dann von Ihrer jeweiligen Krankenkasse BVAEB, SVS,\u2026 bewilligt werden. Seit Covid19 ist die Bewilligungspflicht bei manchen Krankenkassen ausgesetzt. Erkundigen Sich bitte bei ihrer Krankenkasse. <\/li>\n\n\n\n<li>Sie erhalten nach jeder Therapieeinheit, oder am Ende des 10er Blockes Ihre Rechnung, welche Sie begleichen.<\/li>\n\n\n\n<li>Anschlie\u00dfend k\u00f6nnen Sie sich einen Teil der Kosten, je nach Tarif der jeweiligen Kasse ( in der Regel sind es 80%), refundieren lassen, indem Sie die Zahlungsbelege zusammen mit Ihrem bewilligten VO-Schein zu Ihrer Krankenkasse schicken.<\/li>\n<\/ol>\n\n\n\n<h2 class=\"wp-block-heading\">Dauer<\/h2>\n\n\n\n<p>Eine Einzeleinheit dauert in der Regel 60 Minuten. Wobei man sich auch Einheiten zu 45min oder 30min verordnen lassen kann.  <\/p>\n\n\n\n<h2 class=\"wp-block-heading\">Kosten<\/h2>\n\n\n\n<p><strong>Therapieeinheit 60 min (Einzel):<\/strong> 85 Euro<br>Therapieeinheit 45 min (Einzel): 75 Euro<\/p>\n\n\n\n<p>Teilrefundierung durch die jeweilige Krankenkasse m\u00f6glich. Nach den derzeit g\u00fcltigen Tarifen erkundigen Sie sich bitte bei ihrer Krankenkasse.<\/p>\n\n\n\n<p>ACHTUNG NEU: <\/p>\n\n\n\n<p>Ich bin ab Oktober 2024 nur mehr als Wahltherapeutin t\u00e4tig. <\/p>\n\n\n\n<div class=\"wp-block-buttons is-layout-flex wp-block-buttons-is-layout-flex\">\n<div class=\"wp-block-button\"><a class=\"wp-block-button__link wp-element-button\" href=\"\/?page_id=85\">Jetzt Kontakt aufnehmen<\/a><\/div>\n<\/div>\n\n\n\n<hr class=\"wp-block-separator has-css-opacity\"\/>\n\n\n\n<h2 class=\"wp-block-heading\">Terminabsagen<\/h2>\n\n\n\n<p><strong>Falls Sie einen Termin absagen m\u00fcssen, bitte ich Sie dies bis sp\u00e4testens 24 Stunden vor unserem Termin telefonisch zu tun.<\/strong><\/p>\n\n\n\n<p>Bitte haben Sie Verst\u00e4ndnis daf\u00fcr, dass ich Ihnen zu sp\u00e4t abgesagte Termine in Rechnung stellen werde.<\/p>\n\n\n\n<p>Sollten Sie aufgrund einer pl\u00f6tzlichen Erkrankung den Termin nicht wahrnehmen k\u00f6nnen, bitte ich Sie darum, in der n\u00e4chsten Einheit eine \u00e4rztliche Best\u00e4tigung mitzubringen, dann wird die Therapieeinheit auch nicht verrechnet.<\/p>\n\n\n\n<div class=\"wp-block-buttons is-layout-flex wp-block-buttons-is-layout-flex\">\n<div class=\"wp-block-button\"><a class=\"wp-block-button__link wp-element-button\" href=\"tel:+4369910588811\">Anrufen<\/a><\/div>\n<\/div>\n\n\n\n<p><\/p>\n","protected":false},"excerpt":{"rendered":"<p>Ablauf Dauer Eine Einzeleinheit dauert in der Regel 60 Minuten. Wobei man sich auch Einheiten zu 45min oder 30min verordnen lassen kann. Kosten Therapieeinheit 60 min (Einzel): 85 EuroTherapieeinheit 45 min (Einzel): 75 Euro Teilrefundierung durch die jeweilige Krankenkasse m\u00f6glich. Nach den derzeit g\u00fcltigen Tarifen erkundigen Sie sich bitte bei [&hellip;]<\/p>\n","protected":false},"author":1,"featured_media":0,"parent":0,"menu_order":0,"comment_status":"closed","ping_status":"closed","template":"","meta":{"_themeisle_gutenberg_block_has_review":false,"footnotes":""},"class_list":["post-19","page","type-page","status-publish","hentry"],"_links":{"self":[{"href":"https:\/\/www.ergolution.at\/index.php?rest_route=\/wp\/v2\/pages\/19","targetHints":{"allow":["GET"]}}],"collection":[{"href":"https:\/\/www.ergolution.at\/index.php?rest_route=\/wp\/v2\/pages"}],"about":[{"href":"https:\/\/www.ergolution.at\/index.php?rest_route=\/wp\/v2\/types\/page"}],"author":[{"embeddable":true,"href":"https:\/\/www.ergolution.at\/index.php?rest_route=\/wp\/v2\/users\/1"}],"replies":[{"embeddable":true,"href":"https:\/\/www.ergolution.at\/index.php?rest_route=%2Fwp%2Fv2%2Fcomments&post=19"}],"version-history":[{"count":20,"href":"https:\/\/www.ergolution.at\/index.php?rest_route=\/wp\/v2\/pages\/19\/revisions"}],"predecessor-version":[{"id":594,"href":"https:\/\/www.ergolution.at\/index.php?rest_route=\/wp\/v2\/pages\/19\/revisions\/594"}],"wp:attachment":[{"href":"https:\/\/www.ergolution.at\/index.php?rest_route=%2Fwp%2Fv2%2Fmedia&parent=19"}],"curies":[{"name":"wp","href":"https:\/\/api.w.org\/{rel}","templated":true}]}}