{"id":192,"date":"2018-02-13T16:58:07","date_gmt":"2018-02-13T14:58:07","guid":{"rendered":"http:\/\/www.ergotherapie-burgenland.at\/?page_id=192"},"modified":"2021-02-01T19:23:19","modified_gmt":"2021-02-01T17:23:19","slug":"evolutionspaedagogik","status":"publish","type":"page","link":"https:\/\/www.ergolution.at\/?page_id=192","title":{"rendered":"Evolutionsp\u00e4dagogik\u00ae"},"content":{"rendered":"<p>Die Evolutionsp\u00e4dagogik\u00ae arbeitet mit speziellen Bewegungs\u00fcbungen, die daf\u00fcr sorgen, dass wir wieder ins Gleichgewicht kommen.<\/p>\n<p>Die Evolutionsp\u00e4dagogik\u00ae geht davon aus, dass jeder Mensch bis zum 4Lj. die gesamte Evolution des Menschen durchl\u00e4uft mit all seinen Erfahrungsm\u00f6glichkeiten und den 7 Sicherheiten\/Stufen (Ursicherheit, Erlebnissicherheit, K\u00f6rpersicherheit, Gef\u00fchlssicherheit,Gruppensicherheit, Sprachsicherheit, Kommunikations- und Kooperationssicherheit).<\/p>\n<p>Es kann aber sein, dass wir durch verschiedene Ursachen und Lebensumst\u00e4nde nicht alle Stufen ausreichend erfahren durften oder durchlebt haben. Dann kann es zu Unsicherheiten oder Stressblockaden kommen, welche sich in Wahrnehmungsschwierigkeiten, Verhaltens- oder Lernproblemen zeigen k\u00f6nnen.<\/p>\n<p>Hier kommt die Evolutionsp\u00e4dagogik\u00ae ins Spiel&#8230;<\/p>\n<p>Mittels Erstgespr\u00e4ch und kinesiologischer Austestung wird die Blockade genau aufgesp\u00fcrt und der jeweiligen Stufe zugeordnet. Dadurch kann die richtige Bewegungs\u00fcbung ausgew\u00e4hlt werden und so dem Klienten die gesamte Verhaltensbandbreite der jeweiligen Stufe erm\u00f6glicht werden.<\/p>\n<p>Es k\u00f6nnen sich dadurch neue M\u00f6glichkeiten f\u00fcr ihn er\u00f6ffnen und so im Idealfall versteckte Talente freigelegt werden.<\/p>\n<p>Durch die \u00dcbungen werden Hirnbereiche neu miteinander vernetzt und so die Lernf\u00e4higkeit, die Wahrnehmung und das Verhalten positiv ver\u00e4ndert.<\/p>\n\n\n<div class=\"wp-block-buttons is-layout-flex wp-block-buttons-is-layout-flex\">\n<div class=\"wp-block-button\"><a class=\"wp-block-button__link\" href=\"\/?page_id=85\">Jetzt Kontakt aufnehmen<\/a><\/div>\n<\/div>\n\n\n\n<p><\/p>\n","protected":false},"excerpt":{"rendered":"<p>Die Evolutionsp\u00e4dagogik\u00ae arbeitet mit speziellen Bewegungs\u00fcbungen, die daf\u00fcr sorgen, dass wir wieder ins Gleichgewicht kommen. Die Evolutionsp\u00e4dagogik\u00ae geht davon aus, dass jeder Mensch bis zum 4Lj. die gesamte Evolution des Menschen durchl\u00e4uft mit all seinen Erfahrungsm\u00f6glichkeiten und den 7 Sicherheiten\/Stufen (Ursicherheit, Erlebnissicherheit, K\u00f6rpersicherheit, Gef\u00fchlssicherheit,Gruppensicherheit, Sprachsicherheit, Kommunikations- und Kooperationssicherheit). Es kann [&hellip;]<\/p>\n","protected":false},"author":1,"featured_media":0,"parent":0,"menu_order":0,"comment_status":"closed","ping_status":"closed","template":"","meta":{"_themeisle_gutenberg_block_has_review":false,"footnotes":""},"class_list":["post-192","page","type-page","status-publish","hentry"],"_links":{"self":[{"href":"https:\/\/www.ergolution.at\/index.php?rest_route=\/wp\/v2\/pages\/192","targetHints":{"allow":["GET"]}}],"collection":[{"href":"https:\/\/www.ergolution.at\/index.php?rest_route=\/wp\/v2\/pages"}],"about":[{"href":"https:\/\/www.ergolution.at\/index.php?rest_route=\/wp\/v2\/types\/page"}],"author":[{"embeddable":true,"href":"https:\/\/www.ergolution.at\/index.php?rest_route=\/wp\/v2\/users\/1"}],"replies":[{"embeddable":true,"href":"https:\/\/www.ergolution.at\/index.php?rest_route=%2Fwp%2Fv2%2Fcomments&post=192"}],"version-history":[{"count":6,"href":"https:\/\/www.ergolution.at\/index.php?rest_route=\/wp\/v2\/pages\/192\/revisions"}],"predecessor-version":[{"id":424,"href":"https:\/\/www.ergolution.at\/index.php?rest_route=\/wp\/v2\/pages\/192\/revisions\/424"}],"wp:attachment":[{"href":"https:\/\/www.ergolution.at\/index.php?rest_route=%2Fwp%2Fv2%2Fmedia&parent=192"}],"curies":[{"name":"wp","href":"https:\/\/api.w.org\/{rel}","templated":true}]}}