{"id":2,"date":"2014-03-31T18:25:21","date_gmt":"2014-03-31T16:25:21","guid":{"rendered":"http:\/\/www.wp12083916.server-he.de\/?page_id=2"},"modified":"2024-08-01T14:53:21","modified_gmt":"2024-08-01T12:53:21","slug":"beispiel-seite","status":"publish","type":"page","link":"https:\/\/www.ergolution.at\/?page_id=2","title":{"rendered":"Ergotherapie"},"content":{"rendered":"<p>Ergotherapie geht davon aus, dass T\u00e4tig-Sein heilende Wirkung hat. Vor allem dann, wenn T\u00e4tigkeiten gezielt ausgew\u00e4hlt werden und den Menschen dort abholen, wo er gerade steht.<\/p>\n<p>Meine Vision als Ergotherapeutin ist es, Menschen dabei zu begleiten bzw. zu unterst\u00fctzen Ihr Leben\/ Ihren Alltag m\u00f6glichst selbstbewusst, selbstbestimmt und eigenst\u00e4ndig bew\u00e4ltigen und gestalten zu k\u00f6nnen.<\/p>\n<p>Ergotherapie dient der Erhaltung bzw. Wiederherstellung der Selbst\u00e4ndigkeit in den unterschiedlichsten Lebensbereichen wie Arbeit, Freizeit, Erholung, Soziales Leben etc.<\/p>\n<p>Ich habe mich in meiner ergotherapeutischen T\u00e4tigkeit auf die Bereiche Handtherapie\/Orthop\u00e4die und Gesundheitsf\u00f6rderung und Pr\u00e4vention spezialisiert.<\/p>\n","protected":false},"excerpt":{"rendered":"<p>Ergotherapie geht davon aus, dass T\u00e4tig-Sein heilende Wirkung hat. Vor allem dann, wenn T\u00e4tigkeiten gezielt ausgew\u00e4hlt werden und den Menschen dort abholen, wo er gerade steht. Meine Vision als Ergotherapeutin ist es, Menschen dabei zu begleiten bzw. zu unterst\u00fctzen Ihr Leben\/ Ihren Alltag m\u00f6glichst selbstbewusst, selbstbestimmt und eigenst\u00e4ndig bew\u00e4ltigen und [&hellip;]<\/p>\n","protected":false},"author":1,"featured_media":0,"parent":0,"menu_order":0,"comment_status":"closed","ping_status":"closed","template":"","meta":{"_themeisle_gutenberg_block_has_review":false,"footnotes":""},"class_list":["post-2","page","type-page","status-publish","hentry"],"_links":{"self":[{"href":"https:\/\/www.ergolution.at\/index.php?rest_route=\/wp\/v2\/pages\/2","targetHints":{"allow":["GET"]}}],"collection":[{"href":"https:\/\/www.ergolution.at\/index.php?rest_route=\/wp\/v2\/pages"}],"about":[{"href":"https:\/\/www.ergolution.at\/index.php?rest_route=\/wp\/v2\/types\/page"}],"author":[{"embeddable":true,"href":"https:\/\/www.ergolution.at\/index.php?rest_route=\/wp\/v2\/users\/1"}],"replies":[{"embeddable":true,"href":"https:\/\/www.ergolution.at\/index.php?rest_route=%2Fwp%2Fv2%2Fcomments&post=2"}],"version-history":[{"count":8,"href":"https:\/\/www.ergolution.at\/index.php?rest_route=\/wp\/v2\/pages\/2\/revisions"}],"predecessor-version":[{"id":561,"href":"https:\/\/www.ergolution.at\/index.php?rest_route=\/wp\/v2\/pages\/2\/revisions\/561"}],"wp:attachment":[{"href":"https:\/\/www.ergolution.at\/index.php?rest_route=%2Fwp%2Fv2%2Fmedia&parent=2"}],"curies":[{"name":"wp","href":"https:\/\/api.w.org\/{rel}","templated":true}]}}