{"id":506,"date":"2023-03-20T17:29:52","date_gmt":"2023-03-20T15:29:52","guid":{"rendered":"https:\/\/www.ergolution.at\/?page_id=506"},"modified":"2025-08-30T17:28:11","modified_gmt":"2025-08-30T15:28:11","slug":"reflexintegration","status":"publish","type":"page","link":"https:\/\/www.ergolution.at\/?page_id=506","title":{"rendered":"Reflexintegration"},"content":{"rendered":"\n<p>Was ist das?<\/p>\n\n\n\n<p>Vor- w\u00e4hrend- und nach der Geburt durchl\u00e4uft das Kind verschiedene Phasen von Reflexen. Sie werden aufgebaut, wenn sie gebraucht werden und auch wieder gehemmt, wenn diese nicht mehr n\u00f6tig sind. Aufgrund verschiedenster Vorkommnisse kann es sein, dass diese fr\u00fchkindlichen Reflexe nicht entsprechend aktiviert und auch wieder gehemmt werden. Beispielsweise wenn Kinder per Kaiserschnitt zur Welt gekommen sind, oder die Krabbelphase ausgelassen haben. Da kommt die Reflexintegration zur Anwendung.<\/p>\n\n\n\n<p>Durch speziell entwickelte Bewegungsabfolgen, welche die neuronale Nachreifung des Gehirnes unterst\u00fctzen, k\u00f6nnen Reflexe, die ihr Kind in seiner Weiterentwicklung hemmen, abgebaut bzw. integriert werden und Dinge, die vorher schwer gefallen sind, gelingen nun viel besser.<\/p>\n\n\n\n<p>Reflexe sind unwillk\u00fcrliche Bewegungen, die z.B. ben\u00f6tigt werden um beim Geburtsvorgang mitzuhelfen, oder sp\u00e4ter um sich aufzurichten und ins Krabbeln zu kommen. Sp\u00e4ter sollten diese gehemmt werden und durch reifere willk\u00fcrliche Bewegungen abgel\u00f6st werden, damit der Mensch lernt sich grob- und feinmotorisch gezielt zu bewegen, ohne Kleckern zu Essen, von der Tafel abzuschreiben, fl\u00fcssig zu lesen etc. <\/p>\n\n\n\n<p>Werden diese fr\u00fchkindlichen Reflexe nicht abgebaut kann es zu verschiedenen Auff\u00e4lligkeiten kommen, je nachdem welcher Reflex noch vorhanden ist. <\/p>\n\n\n\n<p>Nicht gehemmte Reflexe k\u00f6nnen sich im Alltag durch folgende Auff\u00e4lligkeiten zeigen:<\/p>\n\n\n\n<ul class=\"wp-block-list\">\n<li>\u00fcberschie\u00dfende emotionale Reaktionen<\/li>\n\n\n\n<li>\u00c4ngstlichkeit, Wutausbr\u00fcche<\/li>\n\n\n\n<li>sozial, emotionale Schwierigkeiten<\/li>\n\n\n\n<li>Hyperaktivit\u00e4t<\/li>\n\n\n\n<li>Unkonzentriertheit<\/li>\n\n\n\n<li>Probleme in der Merkf\u00e4higkeit<\/li>\n\n\n\n<li>Verdauungst\u00f6rungen<\/li>\n\n\n\n<li>Probleme in der Mittelinienkreuzung<\/li>\n\n\n\n<li>Schwach ausgepr\u00e4gte bzw. wechselnde Lateralit\u00e4t<\/li>\n\n\n\n<li>Schwierigkeiten einen Ball zu fangen<\/li>\n\n\n\n<li>Probleme auf der Zeile zu schreiben, unleserliche Handschrift<\/li>\n\n\n\n<li>Schlechte K\u00f6rperhaltung<\/li>\n\n\n\n<li>Hypo- oder Hypertonie<\/li>\n\n\n\n<li>Probleme mit dem Gleichgewicht<\/li>\n\n\n\n<li>Reise\u00fcbelkeit<\/li>\n\n\n\n<li>Visuell-r\u00e4umliche Wahrnehmungsprobleme<\/li>\n\n\n\n<li>Sitz im Zwischenfersensitz<\/li>\n\n\n\n<li>Kleckern beim Essen<\/li>\n\n\n\n<li>Tollpatschigkeit<\/li>\n\n\n\n<li>Feinmotorische Ungeschicklichkeit<\/li>\n\n\n\n<li>Mundbewegungen beim Schreiben oder anderen feinmotorischen Aktivit\u00e4ten<\/li>\n\n\n\n<li>Sprachschwierigkeiten<\/li>\n\n\n\n<li>vermehrter Speichelfluss\/ Sabbern<\/li>\n\n\n\n<li>etc.<\/li>\n<\/ul>\n\n\n\n<p>Zu Beginn des Reflexintegrationstrainings werden die entsprechenden Reflexe bei ihrem Kind ausgetestet und das jeweilige Programm und Modul ausgew\u00e4hlt.<\/p>\n\n\n\n<p>Jedes Modul mit den entsprechenden Bewegungs\u00fcbungen wird im Schnitt 4 Wochen lang mind. 4 Mal pro Woche gemeinsam mit dem Kind zu Hause durchgef\u00fchrt. Die Durchf\u00fchrung dauert im Schnitt 10-15 Minuten.<\/p>\n\n\n\n<p>Nach 4 Wochen sollte der jeweilige Reflex integriert sein. Dies wird aber nachgetestet. In manchem F\u00e4lle kann die Integration l\u00e4nger dauern. <\/p>\n\n\n\n<p>Erst dann kann mit dem n\u00e4chsten Modul fortgefahren werden.<\/p>\n\n\n\n<p>Wie lange das Training insgesamt dauert, h\u00e4ngt davon ab, wieviele Reflexe beim jeweiligen Kind vorhanden sind.<\/p>\n\n\n\n<p>Die Reflexintegration kann im Rahmen der Ergotherapie stattfinden, oder als eigenst\u00e4ndige Methode bei mir gebucht werden.<\/p>\n\n\n\n<p>Die Kosten richten sich nach der Dauer der Einheit.<\/p>\n\n\n\n<p>60min &#8211; 85 Euro<\/p>\n\n\n\n<p>45 min- 75 Euro<\/p>\n\n\n\n<p>30 min- 50 Euro <\/p>\n","protected":false},"excerpt":{"rendered":"<p>Was ist das? Vor- w\u00e4hrend- und nach der Geburt durchl\u00e4uft das Kind verschiedene Phasen von Reflexen. Sie werden aufgebaut, wenn sie gebraucht werden und auch wieder gehemmt, wenn diese nicht mehr n\u00f6tig sind. Aufgrund verschiedenster Vorkommnisse kann es sein, dass diese fr\u00fchkindlichen Reflexe nicht entsprechend aktiviert und auch wieder gehemmt [&hellip;]<\/p>\n","protected":false},"author":1,"featured_media":0,"parent":0,"menu_order":0,"comment_status":"closed","ping_status":"closed","template":"","meta":{"_themeisle_gutenberg_block_has_review":false,"footnotes":""},"class_list":["post-506","page","type-page","status-publish","hentry"],"_links":{"self":[{"href":"https:\/\/www.ergolution.at\/index.php?rest_route=\/wp\/v2\/pages\/506","targetHints":{"allow":["GET"]}}],"collection":[{"href":"https:\/\/www.ergolution.at\/index.php?rest_route=\/wp\/v2\/pages"}],"about":[{"href":"https:\/\/www.ergolution.at\/index.php?rest_route=\/wp\/v2\/types\/page"}],"author":[{"embeddable":true,"href":"https:\/\/www.ergolution.at\/index.php?rest_route=\/wp\/v2\/users\/1"}],"replies":[{"embeddable":true,"href":"https:\/\/www.ergolution.at\/index.php?rest_route=%2Fwp%2Fv2%2Fcomments&post=506"}],"version-history":[{"count":4,"href":"https:\/\/www.ergolution.at\/index.php?rest_route=\/wp\/v2\/pages\/506\/revisions"}],"predecessor-version":[{"id":596,"href":"https:\/\/www.ergolution.at\/index.php?rest_route=\/wp\/v2\/pages\/506\/revisions\/596"}],"wp:attachment":[{"href":"https:\/\/www.ergolution.at\/index.php?rest_route=%2Fwp%2Fv2%2Fmedia&parent=506"}],"curies":[{"name":"wp","href":"https:\/\/api.w.org\/{rel}","templated":true}]}}