{"id":9,"date":"2015-10-14T19:27:50","date_gmt":"2015-10-14T17:27:50","guid":{"rendered":"http:\/\/www.wp12083916.server-he.de\/?page_id=9"},"modified":"2024-08-01T15:10:02","modified_gmt":"2024-08-01T13:10:02","slug":"therapieangebote","status":"publish","type":"page","link":"https:\/\/www.ergolution.at\/?page_id=9","title":{"rendered":"Therapieangebote"},"content":{"rendered":"\n<hr class=\"wp-block-separator has-css-opacity\"\/>\n\n\n\n<h2 class=\"wp-block-heading\">Handtherapie<\/h2>\n\n\n\n<ul class=\"wp-block-list\">\n<li>Manuelle Lymphdrainage bei postoperativen Schwellungen z.B. nach Sehnen oder Nervenverletzungen, B\u00e4nderrissen, Br\u00fcchen&#8230;<\/li>\n\n\n\n<li>Funktionelles Training nach operativen Eingriffen im Handbereich.<\/li>\n\n\n\n<li>Manuelle Therapie<\/li>\n\n\n\n<li>Kinesio-Taping<\/li>\n\n\n\n<li>Narbenmobilisierung und Narbenentst\u00f6rung<\/li>\n<\/ul>\n\n\n\n<h2 class=\"wp-block-heading\">Gesundheitsf\u00f6rderung und Pr\u00e4vention<\/h2>\n\n\n\n<ul class=\"wp-block-list\">\n<li>physiologische Bewegungsabl\u00e4ufe durch therapeutisches Yoga wieder erlernen. <\/li>\n\n\n\n<li>geeignet f\u00fcr leichte Einschr\u00e4nkungen im Schulter-, H\u00fcft-, Knie und Handgelenksbereich<\/li>\n\n\n\n<li>wir arbeiten mit dehnenden, kr\u00e4ftigenden und mobilisierenden Asanas\/ K\u00f6rperhaltungen aus dem Yoga<\/li>\n\n\n\n<li>Sie entscheiden ob Sie das im Einzel- oder Gruppensetting machen wollen <\/li>\n<\/ul>\n","protected":false},"excerpt":{"rendered":"<p>Handtherapie Gesundheitsf\u00f6rderung und Pr\u00e4vention<\/p>\n","protected":false},"author":1,"featured_media":0,"parent":0,"menu_order":0,"comment_status":"closed","ping_status":"closed","template":"","meta":{"_themeisle_gutenberg_block_has_review":false,"footnotes":""},"class_list":["post-9","page","type-page","status-publish","hentry"],"_links":{"self":[{"href":"https:\/\/www.ergolution.at\/index.php?rest_route=\/wp\/v2\/pages\/9","targetHints":{"allow":["GET"]}}],"collection":[{"href":"https:\/\/www.ergolution.at\/index.php?rest_route=\/wp\/v2\/pages"}],"about":[{"href":"https:\/\/www.ergolution.at\/index.php?rest_route=\/wp\/v2\/types\/page"}],"author":[{"embeddable":true,"href":"https:\/\/www.ergolution.at\/index.php?rest_route=\/wp\/v2\/users\/1"}],"replies":[{"embeddable":true,"href":"https:\/\/www.ergolution.at\/index.php?rest_route=%2Fwp%2Fv2%2Fcomments&post=9"}],"version-history":[{"count":14,"href":"https:\/\/www.ergolution.at\/index.php?rest_route=\/wp\/v2\/pages\/9\/revisions"}],"predecessor-version":[{"id":568,"href":"https:\/\/www.ergolution.at\/index.php?rest_route=\/wp\/v2\/pages\/9\/revisions\/568"}],"wp:attachment":[{"href":"https:\/\/www.ergolution.at\/index.php?rest_route=%2Fwp%2Fv2%2Fmedia&parent=9"}],"curies":[{"name":"wp","href":"https:\/\/api.w.org\/{rel}","templated":true}]}}